{"id":1751,"date":"2018-07-20T09:50:10","date_gmt":"2018-07-20T07:50:10","guid":{"rendered":"https:\/\/www.awseb-awseb-77x3qy96uhpz-504755496.eu-west-3.elb.amazonaws.com\/securite\/"},"modified":"2021-01-27T12:25:37","modified_gmt":"2021-01-27T11:25:37","slug":"securite","status":"publish","type":"page","link":"https:\/\/iberia.sixense-group.com\/en\/safety","title":{"rendered":"Safety"},"content":{"rendered":"","protected":false},"excerpt":{"rendered":"","protected":false},"author":2,"featured_media":1596,"parent":0,"menu_order":0,"comment_status":"closed","ping_status":"closed","template":"page-footer.php","meta":{"_acf_changed":false,"inline_featured_image":false,"footnotes":""},"class_list":["post-1751","page","type-page","status-publish","has-post-thumbnail","hentry"],"acf":[],"yoast_head":"<!-- This site is optimized with the Yoast SEO Premium plugin v25.8 (Yoast SEO v27.2) - https:\/\/yoast.com\/product\/yoast-seo-premium-wordpress\/ -->\n<title>Safety | Sixense Iberia<\/title>\n<meta name=\"description\" content=\"Because our workforce is our greatest asset, health and safety is our priority. They are the basis of our projects and a fundamental value throughout our relationship with our clients and stakeholders. Parce que notre personnel est notre atout le plus pr\u00e9cieux, la s\u00e9curit\u00e9 est une priorit\u00e9. Elle est la base de nos projets et une valeur fondamentale dans la relation avec nos clients\" \/>\n<meta name=\"robots\" content=\"noindex, follow, max-snippet:-1, max-image-preview:large, max-video-preview:-1\" \/>\n<meta property=\"og:locale\" content=\"en_US\" \/>\n<meta property=\"og:type\" content=\"article\" \/>\n<meta property=\"og:title\" content=\"Safety\" \/>\n<meta property=\"og:description\" content=\"Because our workforce is our greatest asset, health and safety is our priority. They are the basis of our projects and a fundamental value throughout our relationship with our clients and stakeholders. Parce que notre personnel est notre atout le plus pr\u00e9cieux, la s\u00e9curit\u00e9 est une priorit\u00e9. Elle est la base de nos projets et une valeur fondamentale dans la relation avec nos clients\" \/>\n<meta property=\"og:url\" content=\"https:\/\/iberia.sixense-group.com\/en\/safety\" \/>\n<meta property=\"og:site_name\" content=\"Sixense Iberia\" \/>\n<meta property=\"article:modified_time\" content=\"2021-01-27T11:25:37+00:00\" \/>\n<meta name=\"twitter:card\" content=\"summary_large_image\" \/>\n<script type=\"application\/ld+json\" class=\"yoast-schema-graph\">{\"@context\":\"https:\/\/schema.org\",\"@graph\":[{\"@type\":\"WebPage\",\"@id\":\"https:\/\/iberia.sixense-group.com\/en\/safety\",\"url\":\"https:\/\/iberia.sixense-group.com\/en\/safety\",\"name\":\"Safety | Sixense Iberia\",\"isPartOf\":{\"@id\":\"https:\/\/iberia.sixense-group.com\/en\/#website\"},\"primaryImageOfPage\":{\"@id\":\"https:\/\/iberia.sixense-group.com\/en\/safety#primaryimage\"},\"image\":{\"@id\":\"https:\/\/iberia.sixense-group.com\/en\/safety#primaryimage\"},\"thumbnailUrl\":\"https:\/\/iberia.sixense-group.com\/wp-content\/uploads\/sites\/18\/2018\/07\/ue9a0080.jpg\",\"datePublished\":\"2018-07-20T07:50:10+00:00\",\"dateModified\":\"2021-01-27T11:25:37+00:00\",\"description\":\"Because our workforce is our greatest asset, health and safety is our priority. They are the basis of our projects and a fundamental value throughout our relationship with our clients and stakeholders. Parce que notre personnel est notre atout le plus pr\u00e9cieux, la s\u00e9curit\u00e9 est une priorit\u00e9. Elle est la base de nos projets et une valeur fondamentale dans la relation avec nos clients\",\"breadcrumb\":{\"@id\":\"https:\/\/iberia.sixense-group.com\/en\/safety#breadcrumb\"},\"inLanguage\":\"en-US\",\"potentialAction\":[{\"@type\":\"ReadAction\",\"target\":[\"https:\/\/iberia.sixense-group.com\/en\/safety\"]}]},{\"@type\":\"ImageObject\",\"inLanguage\":\"en-US\",\"@id\":\"https:\/\/iberia.sixense-group.com\/en\/safety#primaryimage\",\"url\":\"https:\/\/iberia.sixense-group.com\/wp-content\/uploads\/sites\/18\/2018\/07\/ue9a0080.jpg\",\"contentUrl\":\"https:\/\/iberia.sixense-group.com\/wp-content\/uploads\/sites\/18\/2018\/07\/ue9a0080.jpg\",\"width\":5760,\"height\":3840,\"caption\":\"Gilet orange EPI s\u00e9curit\u00e9\"},{\"@type\":\"BreadcrumbList\",\"@id\":\"https:\/\/iberia.sixense-group.com\/en\/safety#breadcrumb\",\"itemListElement\":[{\"@type\":\"ListItem\",\"position\":1,\"name\":\"\",\"item\":\"https:\/\/iberia.sixense-group.com\/en\"},{\"@type\":\"ListItem\",\"position\":2,\"name\":\"Safety\"}]},{\"@type\":\"WebSite\",\"@id\":\"https:\/\/iberia.sixense-group.com\/en\/#website\",\"url\":\"https:\/\/iberia.sixense-group.com\/en\/\",\"name\":\"Sixense Iberia\",\"description\":\"Transforming your infrastructure into living assets\",\"potentialAction\":[{\"@type\":\"SearchAction\",\"target\":{\"@type\":\"EntryPoint\",\"urlTemplate\":\"https:\/\/iberia.sixense-group.com\/en\/?s={search_term_string}\"},\"query-input\":{\"@type\":\"PropertyValueSpecification\",\"valueRequired\":true,\"valueName\":\"search_term_string\"}}],\"inLanguage\":\"en-US\"}]}<\/script>\n<!-- \/ Yoast SEO Premium plugin. -->","yoast_head_json":{"title":"Safety | Sixense Iberia","description":"Because our workforce is our greatest asset, health and safety is our priority. They are the basis of our projects and a fundamental value throughout our relationship with our clients and stakeholders. Parce que notre personnel est notre atout le plus pr\u00e9cieux, la s\u00e9curit\u00e9 est une priorit\u00e9. Elle est la base de nos projets et une valeur fondamentale dans la relation avec nos clients","robots":{"index":"noindex","follow":"follow","max-snippet":"max-snippet:-1","max-image-preview":"max-image-preview:large","max-video-preview":"max-video-preview:-1"},"og_locale":"en_US","og_type":"article","og_title":"Safety","og_description":"Because our workforce is our greatest asset, health and safety is our priority. They are the basis of our projects and a fundamental value throughout our relationship with our clients and stakeholders. Parce que notre personnel est notre atout le plus pr\u00e9cieux, la s\u00e9curit\u00e9 est une priorit\u00e9. Elle est la base de nos projets et une valeur fondamentale dans la relation avec nos clients","og_url":"https:\/\/iberia.sixense-group.com\/en\/safety","og_site_name":"Sixense Iberia","article_modified_time":"2021-01-27T11:25:37+00:00","twitter_card":"summary_large_image","schema":{"@context":"https:\/\/schema.org","@graph":[{"@type":"WebPage","@id":"https:\/\/iberia.sixense-group.com\/en\/safety","url":"https:\/\/iberia.sixense-group.com\/en\/safety","name":"Safety | Sixense Iberia","isPartOf":{"@id":"https:\/\/iberia.sixense-group.com\/en\/#website"},"primaryImageOfPage":{"@id":"https:\/\/iberia.sixense-group.com\/en\/safety#primaryimage"},"image":{"@id":"https:\/\/iberia.sixense-group.com\/en\/safety#primaryimage"},"thumbnailUrl":"https:\/\/iberia.sixense-group.com\/wp-content\/uploads\/sites\/18\/2018\/07\/ue9a0080.jpg","datePublished":"2018-07-20T07:50:10+00:00","dateModified":"2021-01-27T11:25:37+00:00","description":"Because our workforce is our greatest asset, health and safety is our priority. They are the basis of our projects and a fundamental value throughout our relationship with our clients and stakeholders. Parce que notre personnel est notre atout le plus pr\u00e9cieux, la s\u00e9curit\u00e9 est une priorit\u00e9. Elle est la base de nos projets et une valeur fondamentale dans la relation avec nos clients","breadcrumb":{"@id":"https:\/\/iberia.sixense-group.com\/en\/safety#breadcrumb"},"inLanguage":"en-US","potentialAction":[{"@type":"ReadAction","target":["https:\/\/iberia.sixense-group.com\/en\/safety"]}]},{"@type":"ImageObject","inLanguage":"en-US","@id":"https:\/\/iberia.sixense-group.com\/en\/safety#primaryimage","url":"https:\/\/iberia.sixense-group.com\/wp-content\/uploads\/sites\/18\/2018\/07\/ue9a0080.jpg","contentUrl":"https:\/\/iberia.sixense-group.com\/wp-content\/uploads\/sites\/18\/2018\/07\/ue9a0080.jpg","width":5760,"height":3840,"caption":"Gilet orange EPI s\u00e9curit\u00e9"},{"@type":"BreadcrumbList","@id":"https:\/\/iberia.sixense-group.com\/en\/safety#breadcrumb","itemListElement":[{"@type":"ListItem","position":1,"name":"","item":"https:\/\/iberia.sixense-group.com\/en"},{"@type":"ListItem","position":2,"name":"Safety"}]},{"@type":"WebSite","@id":"https:\/\/iberia.sixense-group.com\/en\/#website","url":"https:\/\/iberia.sixense-group.com\/en\/","name":"Sixense Iberia","description":"Transforming your infrastructure into living assets","potentialAction":[{"@type":"SearchAction","target":{"@type":"EntryPoint","urlTemplate":"https:\/\/iberia.sixense-group.com\/en\/?s={search_term_string}"},"query-input":{"@type":"PropertyValueSpecification","valueRequired":true,"valueName":"search_term_string"}}],"inLanguage":"en-US"}]}},"_links":{"self":[{"href":"https:\/\/iberia.sixense-group.com\/en\/wp-json\/wp\/v2\/pages\/1751","targetHints":{"allow":["GET"]}}],"collection":[{"href":"https:\/\/iberia.sixense-group.com\/en\/wp-json\/wp\/v2\/pages"}],"about":[{"href":"https:\/\/iberia.sixense-group.com\/en\/wp-json\/wp\/v2\/types\/page"}],"author":[{"embeddable":true,"href":"https:\/\/iberia.sixense-group.com\/en\/wp-json\/wp\/v2\/users\/2"}],"replies":[{"embeddable":true,"href":"https:\/\/iberia.sixense-group.com\/en\/wp-json\/wp\/v2\/comments?post=1751"}],"version-history":[{"count":2,"href":"https:\/\/iberia.sixense-group.com\/en\/wp-json\/wp\/v2\/pages\/1751\/revisions"}],"predecessor-version":[{"id":16521,"href":"https:\/\/iberia.sixense-group.com\/en\/wp-json\/wp\/v2\/pages\/1751\/revisions\/16521"}],"wp:featuredmedia":[{"embeddable":true,"href":"https:\/\/iberia.sixense-group.com\/en\/wp-json\/wp\/v2\/media\/1596"}],"wp:attachment":[{"href":"https:\/\/iberia.sixense-group.com\/en\/wp-json\/wp\/v2\/media?parent=1751"}],"curies":[{"name":"wp","href":"https:\/\/api.w.org\/{rel}","templated":true}]}}