{"id":1414,"date":"2018-07-19T10:31:21","date_gmt":"2018-07-19T08:31:21","guid":{"rendered":"http:\/\/localhost:8888\/sixense\/?page_id=1414"},"modified":"2023-06-22T09:47:11","modified_gmt":"2023-06-22T07:47:11","slug":"contact-us","status":"publish","type":"page","link":"https:\/\/iberia.sixense-group.com\/en\/contact-us","title":{"rendered":"Contact us"},"content":{"rendered":"","protected":false},"excerpt":{"rendered":"","protected":false},"author":1,"featured_media":1158,"parent":0,"menu_order":0,"comment_status":"closed","ping_status":"closed","template":"page-contact.php","meta":{"_acf_changed":false,"inline_featured_image":false,"footnotes":""},"class_list":["post-1414","page","type-page","status-publish","has-post-thumbnail","hentry"],"acf":[],"yoast_head":"<!-- This site is optimized with the Yoast SEO Premium plugin v25.8 (Yoast SEO v27.2) - https:\/\/yoast.com\/product\/yoast-seo-premium-wordpress\/ -->\n<title>Contact us | Sixense Iberia<\/title>\n<meta name=\"description\" content=\"Conform\u00e9ment au r\u00e8glement n\u1d52 2016\/679, dit r\u00e8glement g\u00e9n\u00e9ral sur la protection des donn\u00e9es personnelles, le candidat dispose d\u2019un droit d\u2019interrogation et d\u2019acc\u00e8s aux donn\u00e9es \u00e0 caract\u00e8re personnel le concernant, ainsi que d\u2019un droit de rectification de ces donn\u00e9es. Le candidat dispose \u00e9galement d\u2019un droit d\u2019opposition. SIXENSE est une entreprise internationale qui propose des services autour de la connaissance des sols, de l\u2019environnement et des ouvrages. Contactez-nous\" \/>\n<meta name=\"robots\" content=\"noindex, follow, max-snippet:-1, max-image-preview:large, max-video-preview:-1\" \/>\n<meta property=\"og:locale\" content=\"en_US\" \/>\n<meta property=\"og:type\" content=\"article\" \/>\n<meta property=\"og:title\" content=\"Contact us\" \/>\n<meta property=\"og:description\" content=\"Conform\u00e9ment au r\u00e8glement n\u1d52 2016\/679, dit r\u00e8glement g\u00e9n\u00e9ral sur la protection des donn\u00e9es personnelles, le candidat dispose d\u2019un droit d\u2019interrogation et d\u2019acc\u00e8s aux donn\u00e9es \u00e0 caract\u00e8re personnel le concernant, ainsi que d\u2019un droit de rectification de ces donn\u00e9es. Le candidat dispose \u00e9galement d\u2019un droit d\u2019opposition. SIXENSE est une entreprise internationale qui propose des services autour de la connaissance des sols, de l\u2019environnement et des ouvrages. Contactez-nous\" \/>\n<meta property=\"og:url\" content=\"https:\/\/iberia.sixense-group.com\/en\/contact-us\" \/>\n<meta property=\"og:site_name\" content=\"Sixense Iberia\" \/>\n<meta property=\"article:modified_time\" content=\"2023-06-22T07:47:11+00:00\" \/>\n<meta property=\"og:image\" content=\"https:\/\/iberia.sixense-group.com\/wp-content\/uploads\/sites\/18\/2018\/07\/adult-beard-blur-927022-e1687420021513.jpg\" \/>\n\t<meta property=\"og:image:width\" content=\"5759\" \/>\n\t<meta property=\"og:image:height\" content=\"2361\" \/>\n\t<meta property=\"og:image:type\" content=\"image\/jpeg\" \/>\n<meta name=\"twitter:card\" content=\"summary_large_image\" \/>\n<script type=\"application\/ld+json\" class=\"yoast-schema-graph\">{\"@context\":\"https:\/\/schema.org\",\"@graph\":[{\"@type\":\"WebPage\",\"@id\":\"https:\/\/iberia.sixense-group.com\/en\/contact-us\",\"url\":\"https:\/\/iberia.sixense-group.com\/en\/contact-us\",\"name\":\"Contact us | Sixense Iberia\",\"isPartOf\":{\"@id\":\"https:\/\/iberia.sixense-group.com\/en\/#website\"},\"primaryImageOfPage\":{\"@id\":\"https:\/\/iberia.sixense-group.com\/en\/contact-us#primaryimage\"},\"image\":{\"@id\":\"https:\/\/iberia.sixense-group.com\/en\/contact-us#primaryimage\"},\"thumbnailUrl\":\"https:\/\/iberia.sixense-group.com\/wp-content\/uploads\/sites\/18\/2018\/07\/adult-beard-blur-927022-e1687420021513.jpg\",\"datePublished\":\"2018-07-19T08:31:21+00:00\",\"dateModified\":\"2023-06-22T07:47:11+00:00\",\"description\":\"Conform\u00e9ment au r\u00e8glement n\u1d52 2016\/679, dit r\u00e8glement g\u00e9n\u00e9ral sur la protection des donn\u00e9es personnelles, le candidat dispose d\u2019un droit d\u2019interrogation et d\u2019acc\u00e8s aux donn\u00e9es \u00e0 caract\u00e8re personnel le concernant, ainsi que d\u2019un droit de rectification de ces donn\u00e9es. Le candidat dispose \u00e9galement d\u2019un droit d\u2019opposition. SIXENSE est une entreprise internationale qui propose des services autour de la connaissance des sols, de l\u2019environnement et des ouvrages. Contactez-nous\",\"breadcrumb\":{\"@id\":\"https:\/\/iberia.sixense-group.com\/en\/contact-us#breadcrumb\"},\"inLanguage\":\"en-US\",\"potentialAction\":[{\"@type\":\"ReadAction\",\"target\":[\"https:\/\/iberia.sixense-group.com\/en\/contact-us\"]}]},{\"@type\":\"ImageObject\",\"inLanguage\":\"en-US\",\"@id\":\"https:\/\/iberia.sixense-group.com\/en\/contact-us#primaryimage\",\"url\":\"https:\/\/iberia.sixense-group.com\/wp-content\/uploads\/sites\/18\/2018\/07\/adult-beard-blur-927022-e1687420021513.jpg\",\"contentUrl\":\"https:\/\/iberia.sixense-group.com\/wp-content\/uploads\/sites\/18\/2018\/07\/adult-beard-blur-927022-e1687420021513.jpg\",\"width\":5759,\"height\":2361},{\"@type\":\"BreadcrumbList\",\"@id\":\"https:\/\/iberia.sixense-group.com\/en\/contact-us#breadcrumb\",\"itemListElement\":[{\"@type\":\"ListItem\",\"position\":1,\"name\":\"\",\"item\":\"https:\/\/iberia.sixense-group.com\/en\"},{\"@type\":\"ListItem\",\"position\":2,\"name\":\"Contact us\"}]},{\"@type\":\"WebSite\",\"@id\":\"https:\/\/iberia.sixense-group.com\/en\/#website\",\"url\":\"https:\/\/iberia.sixense-group.com\/en\/\",\"name\":\"Sixense Iberia\",\"description\":\"Transforming your infrastructure into living assets\",\"potentialAction\":[{\"@type\":\"SearchAction\",\"target\":{\"@type\":\"EntryPoint\",\"urlTemplate\":\"https:\/\/iberia.sixense-group.com\/en\/?s={search_term_string}\"},\"query-input\":{\"@type\":\"PropertyValueSpecification\",\"valueRequired\":true,\"valueName\":\"search_term_string\"}}],\"inLanguage\":\"en-US\"}]}<\/script>\n<!-- \/ Yoast SEO Premium plugin. -->","yoast_head_json":{"title":"Contact us | Sixense Iberia","description":"Conform\u00e9ment au r\u00e8glement n\u1d52 2016\/679, dit r\u00e8glement g\u00e9n\u00e9ral sur la protection des donn\u00e9es personnelles, le candidat dispose d\u2019un droit d\u2019interrogation et d\u2019acc\u00e8s aux donn\u00e9es \u00e0 caract\u00e8re personnel le concernant, ainsi que d\u2019un droit de rectification de ces donn\u00e9es. Le candidat dispose \u00e9galement d\u2019un droit d\u2019opposition. SIXENSE est une entreprise internationale qui propose des services autour de la connaissance des sols, de l\u2019environnement et des ouvrages. Contactez-nous","robots":{"index":"noindex","follow":"follow","max-snippet":"max-snippet:-1","max-image-preview":"max-image-preview:large","max-video-preview":"max-video-preview:-1"},"og_locale":"en_US","og_type":"article","og_title":"Contact us","og_description":"Conform\u00e9ment au r\u00e8glement n\u1d52 2016\/679, dit r\u00e8glement g\u00e9n\u00e9ral sur la protection des donn\u00e9es personnelles, le candidat dispose d\u2019un droit d\u2019interrogation et d\u2019acc\u00e8s aux donn\u00e9es \u00e0 caract\u00e8re personnel le concernant, ainsi que d\u2019un droit de rectification de ces donn\u00e9es. Le candidat dispose \u00e9galement d\u2019un droit d\u2019opposition. SIXENSE est une entreprise internationale qui propose des services autour de la connaissance des sols, de l\u2019environnement et des ouvrages. Contactez-nous","og_url":"https:\/\/iberia.sixense-group.com\/en\/contact-us","og_site_name":"Sixense Iberia","article_modified_time":"2023-06-22T07:47:11+00:00","og_image":[{"width":5759,"height":2361,"url":"https:\/\/iberia.sixense-group.com\/wp-content\/uploads\/sites\/18\/2018\/07\/adult-beard-blur-927022-e1687420021513.jpg","type":"image\/jpeg"}],"twitter_card":"summary_large_image","schema":{"@context":"https:\/\/schema.org","@graph":[{"@type":"WebPage","@id":"https:\/\/iberia.sixense-group.com\/en\/contact-us","url":"https:\/\/iberia.sixense-group.com\/en\/contact-us","name":"Contact us | Sixense Iberia","isPartOf":{"@id":"https:\/\/iberia.sixense-group.com\/en\/#website"},"primaryImageOfPage":{"@id":"https:\/\/iberia.sixense-group.com\/en\/contact-us#primaryimage"},"image":{"@id":"https:\/\/iberia.sixense-group.com\/en\/contact-us#primaryimage"},"thumbnailUrl":"https:\/\/iberia.sixense-group.com\/wp-content\/uploads\/sites\/18\/2018\/07\/adult-beard-blur-927022-e1687420021513.jpg","datePublished":"2018-07-19T08:31:21+00:00","dateModified":"2023-06-22T07:47:11+00:00","description":"Conform\u00e9ment au r\u00e8glement n\u1d52 2016\/679, dit r\u00e8glement g\u00e9n\u00e9ral sur la protection des donn\u00e9es personnelles, le candidat dispose d\u2019un droit d\u2019interrogation et d\u2019acc\u00e8s aux donn\u00e9es \u00e0 caract\u00e8re personnel le concernant, ainsi que d\u2019un droit de rectification de ces donn\u00e9es. Le candidat dispose \u00e9galement d\u2019un droit d\u2019opposition. SIXENSE est une entreprise internationale qui propose des services autour de la connaissance des sols, de l\u2019environnement et des ouvrages. Contactez-nous","breadcrumb":{"@id":"https:\/\/iberia.sixense-group.com\/en\/contact-us#breadcrumb"},"inLanguage":"en-US","potentialAction":[{"@type":"ReadAction","target":["https:\/\/iberia.sixense-group.com\/en\/contact-us"]}]},{"@type":"ImageObject","inLanguage":"en-US","@id":"https:\/\/iberia.sixense-group.com\/en\/contact-us#primaryimage","url":"https:\/\/iberia.sixense-group.com\/wp-content\/uploads\/sites\/18\/2018\/07\/adult-beard-blur-927022-e1687420021513.jpg","contentUrl":"https:\/\/iberia.sixense-group.com\/wp-content\/uploads\/sites\/18\/2018\/07\/adult-beard-blur-927022-e1687420021513.jpg","width":5759,"height":2361},{"@type":"BreadcrumbList","@id":"https:\/\/iberia.sixense-group.com\/en\/contact-us#breadcrumb","itemListElement":[{"@type":"ListItem","position":1,"name":"","item":"https:\/\/iberia.sixense-group.com\/en"},{"@type":"ListItem","position":2,"name":"Contact us"}]},{"@type":"WebSite","@id":"https:\/\/iberia.sixense-group.com\/en\/#website","url":"https:\/\/iberia.sixense-group.com\/en\/","name":"Sixense Iberia","description":"Transforming your infrastructure into living assets","potentialAction":[{"@type":"SearchAction","target":{"@type":"EntryPoint","urlTemplate":"https:\/\/iberia.sixense-group.com\/en\/?s={search_term_string}"},"query-input":{"@type":"PropertyValueSpecification","valueRequired":true,"valueName":"search_term_string"}}],"inLanguage":"en-US"}]}},"_links":{"self":[{"href":"https:\/\/iberia.sixense-group.com\/en\/wp-json\/wp\/v2\/pages\/1414","targetHints":{"allow":["GET"]}}],"collection":[{"href":"https:\/\/iberia.sixense-group.com\/en\/wp-json\/wp\/v2\/pages"}],"about":[{"href":"https:\/\/iberia.sixense-group.com\/en\/wp-json\/wp\/v2\/types\/page"}],"author":[{"embeddable":true,"href":"https:\/\/iberia.sixense-group.com\/en\/wp-json\/wp\/v2\/users\/1"}],"replies":[{"embeddable":true,"href":"https:\/\/iberia.sixense-group.com\/en\/wp-json\/wp\/v2\/comments?post=1414"}],"version-history":[{"count":4,"href":"https:\/\/iberia.sixense-group.com\/en\/wp-json\/wp\/v2\/pages\/1414\/revisions"}],"predecessor-version":[{"id":32128,"href":"https:\/\/iberia.sixense-group.com\/en\/wp-json\/wp\/v2\/pages\/1414\/revisions\/32128"}],"wp:featuredmedia":[{"embeddable":true,"href":"https:\/\/iberia.sixense-group.com\/en\/wp-json\/wp\/v2\/media\/1158"}],"wp:attachment":[{"href":"https:\/\/iberia.sixense-group.com\/en\/wp-json\/wp\/v2\/media?parent=1414"}],"curies":[{"name":"wp","href":"https:\/\/api.w.org\/{rel}","templated":true}]}}